{"id":118,"date":"2020-10-22T11:02:19","date_gmt":"2020-10-22T11:02:19","guid":{"rendered":"https:\/\/schlossbrennerei.de\/?page_id=118"},"modified":"2025-05-20T08:55:30","modified_gmt":"2025-05-20T06:55:30","slug":"impressum","status":"publish","type":"page","link":"https:\/\/brandy.de\/index.php\/impressum\/","title":{"rendered":"Impressum"},"content":{"rendered":"\n<p><strong>Best Cigars GmbH<\/strong><br>Graben 25<br>99423 Weimar<br><br><strong>Telefon:<\/strong> 03643-8157797<\/p>\n\n\n\n<p><strong>e-mail: <\/strong>info@brandy.de<br><strong>web:<\/strong>&nbsp;&nbsp;&nbsp;&nbsp; www.brandy.de<\/p>\n\n\n\n<p><strong>Gesch\u00e4ftsf\u00fchrer: <\/strong>Jens Borski, Erik Borski<\/p>\n\n\n\n<p><strong>Handelsreg.Nr.:<\/strong> HRB 507560<br>Amtsgericht Jena<br><br><strong>Umsatzsteuer-Ident-Nr.:<\/strong> DE813187219<\/p>\n\n\n\n<p><strong>Steuer-Nr.<\/strong> 162\/106\/05308<\/p>\n\n\n\n<p><strong>Bildnachweis<\/strong><\/p>\n\n\n<div>Icons erstellt von <a href=\"https:\/\/www.flaticon.com\/de\/autoren\/surang\" title=\"surang\">surang<\/a> f\u00fcr <a href=\"https:\/\/www.flaticon.com\/de\/\" title=\"Flaticon\">www.flaticon.com<\/a><\/div>\n\n\n<div>Bilder erstellt von <a href=\"https:\/\/pixabay.com\/de\/users\/akaslade-8704187\/\" title=\"AKASlade\">AKASlade<\/a> f\u00fcr <a href=\"https:\/\/pixabay.com\/de\/\" title=\"Pixabay\">https:\/\/pixabay.com\/de\/<\/a><\/div>\n\n\n<div>Bilder erstellt von <a href=\"https:\/\/pixabay.com\/de\/users\/akaslade-8704187\/\" title=\"Momentmal\">Momentmal<\/a> f\u00fcr <a href=\"https:\/\/pixabay.com\/de\/\" title=\"Pixabay\">https:\/\/pixabay.com\/de\/<\/a><\/div>\n\n\n<div>Bilder erstellt von <a href=\"https:\/\/pixabay.com\/de\/users\/reinhardthrainer-10943633\/\" title=\"anncapictures\">ReinhardThrainer<\/a> f\u00fcr <a href=\"https:\/\/pixabay.com\/de\/\" title=\"Pixabay\">https:\/\/pixabay.com\/de\/<\/a><\/div>\n\n\n<div>Bilder erstellt von <a href=\"https:\/\/pixabay.com\/de\/users\/anncapictures-1564471\/\" title=\"anncapictures\">anncapictures<\/a> f\u00fcr <a href=\"https:\/\/pixabay.com\/de\/\" title=\"Pixabay\">https:\/\/pixabay.com\/de\/<\/a><\/div>\n\n\n\n<p>Weitere Bilder wurden von Lieferanten zur Verf\u00fcgung gestellt.<\/p>\n\n\n\n<h3 class=\"wp-block-heading\">Haftung f\u00fcr Inhalte<\/h3>\n\n\n\n<p>Die Inhalte unserer Seiten wurden mit gr\u00f6\u00dfter Sorgfalt erstellt. F\u00fcr die Richtigkeit, Vollst\u00e4ndigkeit und Aktualit\u00e4t der Inhalte k\u00f6nnen wir jedoch keine Gew\u00e4hr \u00fcbernehmen.<\/p>\n\n\n\n<p>Als Diensteanbieter sind wir gem\u00e4\u00df \u00a7 7 Abs.1 TMG f\u00fcr eigene Inhalte auf diesen Seiten nach den allgemeinen Gesetzen verantwortlich. Nach \u00a7\u00a7 8 bis 10 TMG sind wir als Diensteanbieter jedoch nicht verpflichtet, \u00fcbermittelte oder gespeicherte fremde Informationen zu \u00fcberwachen oder nach Umst\u00e4nden zu forschen, die auf eine rechtswidrige T\u00e4tigkeit hinweisen. Verpflichtungen zur Entfernung oder Sperrung der Nutzung von Informationen nach den allgemeinen Gesetzen bleiben hiervon unber\u00fchrt. Eine diesbez\u00fcgliche Haftung ist jedoch erst ab dem Zeitpunkt der Kenntnis einer konkreten Rechtsverletzung m\u00f6glich. Bei bekannt werden von entsprechenden Rechtsverletzungen werden wir diese Inhalte umgehend entfernen.<\/p>\n\n\n\n<h3 class=\"wp-block-heading\">Haftung f\u00fcr Links<\/h3>\n\n\n\n<p>Unser Angebot enth\u00e4lt Links zu externen Webseiten Dritter, auf deren Inhalte wir keinen Einfluss haben. Deshalb k\u00f6nnen wir f\u00fcr diese fremden Inhalte auch keine Gew\u00e4hr \u00fcbernehmen. F\u00fcr die Inhalte der verlinkten Seiten ist stets der jeweilige Anbieter oder Betreiber der Seiten verantwortlich. Die verlinkten Seiten wurden zum Zeitpunkt der Verlinkung auf m\u00f6gliche Rechtsverst\u00f6\u00dfe \u00fcberpr\u00fcft. Rechtswidrige Inhalte waren zum Zeitpunkt der Verlinkung nicht erkennbar. Eine permanente inhaltliche Kontrolle der verlinkten Seiten ist jedoch ohne konkrete Anhaltspunkte einer Rechtsverletzung nicht zumutbar. Bei bekannt werden von Rechtsverletzungen werden wir derartige Links umgehend entfernen.<\/p>\n\n\n\n<h3 class=\"wp-block-heading\">Urheberrecht<\/h3>\n\n\n\n<p>Die durch die Seitenbetreiber erstellten Inhalte und Werke auf diesen Seiten unterliegen dem deutschen Urheberrecht. Beitr\u00e4ge Dritter sind als solche gekennzeichnet. Die Vervielf\u00e4ltigung, Bearbeitung, Verbreitung und jede Art der Verwertung au\u00dferhalb der Grenzen des Urheberrechtes bed\u00fcrfen der schriftlichen Zustimmung des jeweiligen Autors bzw. Erstellers. Downloads und Kopien dieser Seite sind nur f\u00fcr den privaten, nicht kommerziellen Gebrauch gestattet.<\/p>\n\n\n\n<p>Die Betreiber der Seiten sind bem\u00fcht, stets die Urheberrechte anderer zu beachten bzw. auf selbst erstellte sowie lizenzfreie Werke zur\u00fcckzugreifen.<\/p>\n\n\n\n<h3 class=\"wp-block-heading\">Datenschutz<\/h3>\n\n\n\n<p>Auf unseren Seiten werden keine personenbezogenen Daten erhoben, gespeichert oder verarbeitet. Die Nutzung der Angebote und Dienste ist, soweit m\u00f6glich, stets ohne Angabe personenbezogener Daten m\u00f6glich.<\/p>\n\n\n\n<p>Wir weisen darauf hin, dass die Daten\u00fcbertragung im Internet (z.B. bei der Kommunikation per E-Mail) Sicherheitsl\u00fccken aufweisen kann. Ein l\u00fcckenloser Schutz der Daten vor dem Zugriff durch Dritte ist nicht m\u00f6glich.<\/p>\n\n\n\n<p>Der Nutzung von im Rahmen der Impressumspflicht ver\u00f6ffentlichten Kontaktdaten durch Dritte zur \u00dcbersendung von nicht ausdr\u00fccklich angeforderter Werbung und Informationsmaterialien wird hiermit ausdr\u00fccklich widersprochen. Die Betreiber der Seiten behalten sich ausdr\u00fccklich rechtliche Schritte im Falle der unverlangten Zusendung von Werbeinformationen, etwa durch Spam-Mails, vor.<\/p>\n\n\n\n<p>(Quelle: eRecht24.de &#8211; <a href=\"http:\/\/www.e-recht24.de\">Rechtsberatung von Anwalt<\/a> S\u00f6ren Siebert)<\/p>\n\n\n\n<h3 class=\"wp-block-heading\">Keine Abmahnung ohne Kontakt<\/h3>\n\n\n\n<p>Sollte jemand Anspr\u00fcche jeglicher Art in urheber-, wettbewerbs- oder markenrechtlichen Angelegenheiten geltend machen wollen, so bitten wir zur Vermeidung von unn\u00f6tigen Rechtsstreitigkeiten, Abmahnungen und den daraus entstehenden Kosten, uns umgehend zu kontaktieren. Wir sagen bereits hier verbindlich Abhilfe zu, so dass eine eventuelle Wiederholungsgefahr ausgeschlossen ist. Eine dennoch ergehende Kostennote einer anwaltlichen Abmahnung ohne vorherige Kontaktaufnahme w\u00fcrden wir wegen Nichtbeachtung der Schadenminderungspflicht zur\u00fcckweisen. In diesem Sinne unn\u00f6tige bzw. unberechtigte Abmahnungen und Folgema\u00dfnahmen werden wir mit einer negativen Feststellungsklage beantworten.<\/p>\n\n\n\n<p><\/p>\n","protected":false},"excerpt":{"rendered":"<p>Best Cigars GmbHGraben 2599423 Weimar Telefon: 03643-8157797 e-mail: info@brandy.deweb:&nbsp;&nbsp;&nbsp;&nbsp; www.brandy.de Gesch\u00e4ftsf\u00fchrer: Jens Borski, Erik Borski Handelsreg.Nr.: HRB 507560Amtsgericht Jena Umsatzsteuer-Ident-Nr.: DE813187219 Steuer-Nr. 162\/106\/05308 Bildnachweis Weitere Bilder wurden von Lieferanten zur Verf\u00fcgung gestellt. Haftung f\u00fcr Inhalte Die Inhalte unserer Seiten wurden mit gr\u00f6\u00dfter Sorgfalt erstellt. F\u00fcr die Richtigkeit, Vollst\u00e4ndigkeit und Aktualit\u00e4t der Inhalte k\u00f6nnen wir jedoch &hellip; <\/p>\n<p class=\"link-more\"><a href=\"https:\/\/brandy.de\/index.php\/impressum\/\" class=\"more-link\"><span class=\"screen-reader-text\">\u201eImpressum\u201c <\/span>weiterlesen<\/a><\/p>\n","protected":false},"author":3,"featured_media":0,"parent":0,"menu_order":0,"comment_status":"closed","ping_status":"closed","template":"","meta":{"footnotes":""},"class_list":["post-118","page","type-page","status-publish","hentry"],"aioseo_notices":[],"_links":{"self":[{"href":"https:\/\/brandy.de\/index.php\/wp-json\/wp\/v2\/pages\/118","targetHints":{"allow":["GET"]}}],"collection":[{"href":"https:\/\/brandy.de\/index.php\/wp-json\/wp\/v2\/pages"}],"about":[{"href":"https:\/\/brandy.de\/index.php\/wp-json\/wp\/v2\/types\/page"}],"author":[{"embeddable":true,"href":"https:\/\/brandy.de\/index.php\/wp-json\/wp\/v2\/users\/3"}],"replies":[{"embeddable":true,"href":"https:\/\/brandy.de\/index.php\/wp-json\/wp\/v2\/comments?post=118"}],"version-history":[{"count":9,"href":"https:\/\/brandy.de\/index.php\/wp-json\/wp\/v2\/pages\/118\/revisions"}],"predecessor-version":[{"id":468,"href":"https:\/\/brandy.de\/index.php\/wp-json\/wp\/v2\/pages\/118\/revisions\/468"}],"wp:attachment":[{"href":"https:\/\/brandy.de\/index.php\/wp-json\/wp\/v2\/media?parent=118"}],"curies":[{"name":"wp","href":"https:\/\/api.w.org\/{rel}","templated":true}]}}