{"id":134,"date":"2020-10-25T11:43:47","date_gmt":"2020-10-25T11:43:47","guid":{"rendered":"https:\/\/schlossbrennerei.de\/?page_id=134"},"modified":"2023-11-14T12:51:25","modified_gmt":"2023-11-14T12:51:25","slug":"news-2","status":"publish","type":"page","link":"https:\/\/brandy.de\/index.php\/news-2\/","title":{"rendered":"News"},"content":{"rendered":"\n<p><strong>Blind-Whisky-Tasting am 26.01.2024<\/strong><\/p>\n\n\n\n<p>Hallo zusammen.<\/p>\n\n\n\n<p>nun ist es schon wieder soweit.&nbsp;<\/p>\n\n\n\n<p>am 26.01.2024 findet unser ber\u00fchmt ber\u00fcchtigtes Blind-Whiskytasting statt. Gesucht wird die Whisky-Supernase 2024!<\/p>\n\n\n\n<p>Seien Sie dabei und stellen sie ihr Wissen unter Beweis. Oder verschenken Sie die Teilnahme zum Weihnachtsfest!<\/p>\n\n\n\n<p>Verbindliche Anmeldung wie immer nur bei uns im Laden. Preis 60 Euro<\/p>\n\n\n\n<p><\/p>\n\n\n\n<p><strong>Scottish Teenager<\/strong><\/p>\n\n\n\n<p>Bei unserem Tasting am 14.04. um 19 Uhr (in unserem Fachgesch\u00e4ft) huldigen wir der schottischen Jugend. Wir verkosten 6 Whiskies im Teenager Alter!<\/p>\n\n\n\n<p>Also seid dabei. Anmeldung und Bezahlung wie immer bei uns im Gesch\u00e4ft. Preis 60 Euro<\/p>\n\n\n\n<p><strong>save the dates &#8211; die n\u00e4chsten Tastings!<\/strong><\/p>\n\n\n\n<p>\u00fcr eure Planung senden wir euch heute die n\u00e4chsten geplanten Termine:<\/p>\n\n\n\n<p>14.04.2023&nbsp; &#8211;&nbsp; Whiskytasting<\/p>\n\n\n\n<p>12.05.2023&nbsp; &#8211;&nbsp; Davidoff Zigarren Abend kombiniert mit Rum!<\/p>\n\n\n\n<p>16.06.2023&nbsp; &#8211;&nbsp; Whiskytasting<\/p>\n\n\n\n<p>N\u00e4here Informationen folgen in den n\u00e4chsten Wochen!<\/p>\n\n\n\n<p><\/p>\n\n\n\n<p><strong>Am 27.01.2023 findet wieder unser ber\u00fchmtes Whisky-Blind-Tasting statt! Wie immer mit sehr viel Spa\u00df, suchen wir die &#8222;Supernase&#8220; unter euch.<\/strong><\/p>\n\n\n\n<p>Reservierung wie immer bei uns im Gesch\u00e4ft.<\/p>\n\n\n\n<p><\/p>\n\n\n\n<p><strong>Am Freitag den 25.11. findet unser n\u00e4chstes Whiskytasting statt!<\/strong><\/p>\n\n\n\n<p>Motto dieses Mal, Schottlands Inseln! Mindestens 6 Whisky von 6 verschiedenen Inseln.<\/p>\n\n\n\n<p>Reservierung wie immer bei uns im Gesch\u00e4ft!<\/p>\n\n\n\n<p><\/p>\n\n\n\n<p><strong>Am 08.11. haben wir in unserem Gesch\u00e4ft den Habanos-Meister-Torcedor Ernesto Torres zu Gast!<\/strong><\/p>\n\n\n\n<p>Erleben Sie live wie die ber\u00fchmten Havannas hergestellt werden und genie\u00dfen Sie die braunen K\u00f6stlichkeiten frisch gerollt!<\/p>\n\n\n\n<p><strong>Mit 3 sch\u00f6nen Rums erwarten wir Euch zum After-Work-Smoke am 28.10.!<\/strong><\/p>\n\n\n\n<p>Herr Horst , von der Firma Arnold Andr\u00e8, wird uns etwas \u00fcber die &#8222;Carlos Andr\u00e8&#8220; Cigarren erz\u00e4hlen und nat\u00fcrlich auch in gen\u00fcgender St\u00fcckzahl im Humidor mitbringen. <\/p>\n\n\n\n<p>Reservierung wie immer bei uns im Gesch\u00e4ft!<\/p>\n\n\n\n<p> <strong>Am Freitag, den 14.10. findet unser n\u00e4chstes Whiskytasting statt!<\/strong><\/p>\n\n\n\n<p>Unter dem Motto &#8222;smoke on the water&#8220; verkosten wir 6 verschiedene Whisky, alle mehr oder wenig torfig und zum Teil in den verschiedensten Wein-F\u00e4ssern gereift! <\/p>\n\n\n\n<p>Resrevierung wie immer bei uns im Gesch\u00e4ft!<\/p>\n\n\n\n<p><strong>Am 03.09. feiern wir unser 10 j\u00e4hriges Jubil\u00e4um &#8211; Feiern Sie mit!<\/strong><\/p>\n\n\n\n<p>Wir feiern 10 Jahre Whisky &amp; Davidoff am Graben<\/p>\n\n\n\n<p>03.09.2022 ab 10 Uhr &#8211; open end<br><br>10% Rabatt auf alle Spirituosen &#8211; der Erl\u00f6s aus konsumierten Getr\u00e4nken &amp; Zigarren geht an die Weimarer Tafel<\/p>\n\n\n\n<p><strong>Pfeifen-Raucher-Seminar am 01.07.2022!<\/strong><\/p>\n\n\n\n<p>Am 01.07. haben wir etwas f\u00fcr die Freunde des gem\u00fctlichen Smokes. Wir bekommen Besuch von Hr. M\u00f6llmann von der Fa. Vauen (bekannt f\u00fcr ihre Pfeifen, Filter,Tabake und Reiniger). Er bringt uns die neuesten Tabakmischungen der Fa. Vauen mit und zeigt uns in einer entspannten Art, wie wir unsere Pfeife richtig zum Brennen bringen. Dazu gibt es jede Menge Wissenswertes rund um das Pfeife-Rauchen.<\/p>\n\n\n\n<p>Preis:&nbsp; 25 Euro, inkl. einer Pfeife, diverser Tabake, Kaffee und Wasser!<\/p>\n\n\n\n<p>Beginn:&nbsp; 19 Uhr<\/p>\n\n\n\n<p><strong>Klappstuhl-Whisky-Tasting am 17.06.2022<\/strong><\/p>\n\n\n\n<p>Am 17.06. wollen wir uns der Frage widmen, wer denn nun wirklich den besten Whisk(e)y der Welt macht. Sind es wirklich die Schotten, die Iren oder vielleicht doch die Japaner. Vielleicht sogar die Schweden oder Inder? Wir finden es heraus. Begleiten Sie uns auf einer Whisky-Reise rund um die Welt!<\/p>\n\n\n\n<p>Verbindliche Buchung wie immer bei uns im Gesch\u00e4ft. Da der Platz sehr beschr\u00e4nkt ist empfehlen wir flinke F\u00fc\u00dfe &#8230;..<\/p>\n\n\n\n<p>Preis: 60 Euro, inkl. Getr\u00e4nke, Snacks und Kaffee!<\/p>\n\n\n\n<p>Beginn: 19 Uhr<\/p>\n\n\n\n<p><\/p>\n\n\n\n<p><strong>Klappstuhl-Whisky-Tasting <\/strong>am 27.05.2022<\/p>\n\n\n\n<p>Am 27.05.2022 findet unser n\u00e4chstes Klappstuhl-Whisky-Tasting statt! Neben neuen Whiskys,  die in den letzten beiden  Jahren  auf den Markt kamen,  gibt es auch neue Abf\u00fcllungen von Schottlands Inseln. <\/p>\n\n\n\n<h4 class=\"wp-block-heading\">Whiskytasting am 27.03.2020<\/h4>\n\n\n\n<p>Am 27.03.2020 findet unser n\u00e4chstes Whiskytasting statt!<\/p>\n\n\n\n<p><a href=\"https:\/\/brandy.de\/index.php\/2020\/10\/25\/whiskytasting-am-27-03-2020\/\">\u00bb weiter lesen<\/a><\/p>\n\n\n\n<h4 class=\"wp-block-heading\">Zusatztermin Whisky-Blind-Tasting<\/h4>\n\n\n\n<p>Am 28.02.2020 findet ein zus\u00e4tzliches Whisky-Blind-Tasting statt!<\/p>\n\n\n\n<p><a href=\"https:\/\/brandy.de\/index.php\/2020\/10\/25\/zusatztermin-whisky-blind-tasting\/\">\u00bb weiter lesen<\/a><\/p>\n\n\n\n<figure class=\"wp-block-image size-medium is-style-default\"><img loading=\"lazy\" decoding=\"async\" width=\"300\" height=\"225\" src=\"https:\/\/brandy.de\/wp-content\/uploads\/2020\/10\/Momentmal_Pixabay-300x225.png\" alt=\"\" class=\"wp-image-181\" srcset=\"https:\/\/brandy.de\/wp-content\/uploads\/2020\/10\/Momentmal_Pixabay-300x225.png 300w, https:\/\/brandy.de\/wp-content\/uploads\/2020\/10\/Momentmal_Pixabay-1024x767.png 1024w, https:\/\/brandy.de\/wp-content\/uploads\/2020\/10\/Momentmal_Pixabay-768x575.png 768w, https:\/\/brandy.de\/wp-content\/uploads\/2020\/10\/Momentmal_Pixabay-1536x1150.png 1536w, https:\/\/brandy.de\/wp-content\/uploads\/2020\/10\/Momentmal_Pixabay.png 1920w\" sizes=\"auto, (max-width: 300px) 100vw, 300px\" \/><\/figure>\n\n\n\n<h4 class=\"wp-block-heading\">Whiskytasting am 31.01.2020 !<\/h4>\n\n\n\n<p>Am 31.01.2020 findet unser ber\u00fchmtes Whisky-Blind-Tasting statt !<\/p>\n\n\n\n<p><a href=\"https:\/\/brandy.de\/index.php\/2020\/10\/25\/whiskytasting-am-31-01-2020\/\">\u00bb weiter lesen<\/a><\/p>\n\n\n\n<h4 class=\"wp-block-heading\">Vom 18.11. bis 20.11. geschlossen!<\/h4>\n\n\n\n<p>Vom 18.11. bis 20.11. bleibt unser Fachgesch\u00e4ft geschlossen!<\/p>\n","protected":false},"excerpt":{"rendered":"<p>Blind-Whisky-Tasting am 26.01.2024 Hallo zusammen. nun ist es schon wieder soweit.&nbsp; am 26.01.2024 findet unser ber\u00fchmt ber\u00fcchtigtes Blind-Whiskytasting statt. Gesucht wird die Whisky-Supernase 2024! Seien Sie dabei und stellen sie ihr Wissen unter Beweis. Oder verschenken Sie die Teilnahme zum Weihnachtsfest! Verbindliche Anmeldung wie immer nur bei uns im Laden. Preis 60 Euro Scottish Teenager &hellip; <\/p>\n<p class=\"link-more\"><a href=\"https:\/\/brandy.de\/index.php\/news-2\/\" class=\"more-link\"><span class=\"screen-reader-text\">\u201eNews\u201c <\/span>weiterlesen<\/a><\/p>\n","protected":false},"author":3,"featured_media":0,"parent":0,"menu_order":0,"comment_status":"closed","ping_status":"closed","template":"","meta":{"footnotes":""},"class_list":["post-134","page","type-page","status-publish","hentry"],"aioseo_notices":[],"_links":{"self":[{"href":"https:\/\/brandy.de\/index.php\/wp-json\/wp\/v2\/pages\/134","targetHints":{"allow":["GET"]}}],"collection":[{"href":"https:\/\/brandy.de\/index.php\/wp-json\/wp\/v2\/pages"}],"about":[{"href":"https:\/\/brandy.de\/index.php\/wp-json\/wp\/v2\/types\/page"}],"author":[{"embeddable":true,"href":"https:\/\/brandy.de\/index.php\/wp-json\/wp\/v2\/users\/3"}],"replies":[{"embeddable":true,"href":"https:\/\/brandy.de\/index.php\/wp-json\/wp\/v2\/comments?post=134"}],"version-history":[{"count":30,"href":"https:\/\/brandy.de\/index.php\/wp-json\/wp\/v2\/pages\/134\/revisions"}],"predecessor-version":[{"id":429,"href":"https:\/\/brandy.de\/index.php\/wp-json\/wp\/v2\/pages\/134\/revisions\/429"}],"wp:attachment":[{"href":"https:\/\/brandy.de\/index.php\/wp-json\/wp\/v2\/media?parent=134"}],"curies":[{"name":"wp","href":"https:\/\/api.w.org\/{rel}","templated":true}]}}