{"id":196,"date":"2020-11-11T14:19:27","date_gmt":"2020-11-11T14:19:27","guid":{"rendered":"https:\/\/schlossbrennerei.de\/?page_id=196"},"modified":"2021-02-08T15:13:49","modified_gmt":"2021-02-08T15:13:49","slug":"jahrgangsabfuellungen","status":"publish","type":"page","link":"https:\/\/brandy.de\/index.php\/jahrgangsabfuellungen\/","title":{"rendered":"Jahrgangsabf\u00fcllungen"},"content":{"rendered":"\n<p><strong>Jahrgangsbr\u00e4nde<\/strong> \u2013 Sie suchen einen bestimmten Jahrgang als besonderes Geschenk? Geben sie uns kurz Bescheid. Innerhalb k\u00fcrzester Zeit machen wir ihnen ein Angebot. Wir haben Zugriff auf Br\u00e4nde bis zur\u00fcck zum Ende des 19. Jahrhunderts.<\/p>\n\n\n\n<figure class=\"wp-block-image size-large\"><img loading=\"lazy\" decoding=\"async\" width=\"1024\" height=\"660\" src=\"https:\/\/brandy.de\/wp-content\/uploads\/2020\/11\/Jahrgangsbraende_ReinhardThrainer_Pixabay-1024x660.jpg\" alt=\"\" class=\"wp-image-202\" srcset=\"https:\/\/brandy.de\/wp-content\/uploads\/2020\/11\/Jahrgangsbraende_ReinhardThrainer_Pixabay-1024x660.jpg 1024w, https:\/\/brandy.de\/wp-content\/uploads\/2020\/11\/Jahrgangsbraende_ReinhardThrainer_Pixabay-300x193.jpg 300w, https:\/\/brandy.de\/wp-content\/uploads\/2020\/11\/Jahrgangsbraende_ReinhardThrainer_Pixabay-768x495.jpg 768w, https:\/\/brandy.de\/wp-content\/uploads\/2020\/11\/Jahrgangsbraende_ReinhardThrainer_Pixabay-1536x990.jpg 1536w, https:\/\/brandy.de\/wp-content\/uploads\/2020\/11\/Jahrgangsbraende_ReinhardThrainer_Pixabay.jpg 1920w\" sizes=\"auto, (max-width: 706px) 89vw, (max-width: 767px) 82vw, 740px\" \/><\/figure>\n\n\n\n<p>Jahrgangsabf\u00fcllungen und exclusive Sonderabf\u00fcllungen nehmen in den letzten Jahren einen immer gr\u00f6\u00dferen Raum in unserem Gesch\u00e4ft ein. Dabei k\u00f6nnen wir auf die &#8222;Keller&#8220; von vielen Herstellern und Importeuren zugreifen. <\/p>\n\n\n\n<p><\/p>\n\n\n\n<p>Ist es beim Whisky in den letzten Jahren sehr teuer geworden zum 50 oder 60 Jubil\u00e4um einen vom Alter her passenden Tropfen zu finden, so gibt es in der Spirituosenwelt doch eine Reihe von guten Alternativen. Beim Cognac, aber noch einfacher beim Armagnac finden sich erschwingliche Abf\u00fcllungen. Die Lieferf\u00e4higkeit geht hier bis ungef\u00e4hr zum Jahrgang 1845. Sehr gute alte Abf\u00fcllungen gibt es aber auch beim Obstbrand und zum Teil auch beim Kornbrand und beim Rum. Problemlos zu bekommen sind auch viele alte Portwein-Abf\u00fcllungen. <\/p>\n","protected":false},"excerpt":{"rendered":"<p>Jahrgangsbr\u00e4nde \u2013 Sie suchen einen bestimmten Jahrgang als besonderes Geschenk? Geben sie uns kurz Bescheid. Innerhalb k\u00fcrzester Zeit machen wir ihnen ein Angebot. Wir haben Zugriff auf Br\u00e4nde bis zur\u00fcck zum Ende des 19. Jahrhunderts. Jahrgangsabf\u00fcllungen und exclusive Sonderabf\u00fcllungen nehmen in den letzten Jahren einen immer gr\u00f6\u00dferen Raum in unserem Gesch\u00e4ft ein. Dabei k\u00f6nnen wir &hellip; <\/p>\n<p class=\"link-more\"><a href=\"https:\/\/brandy.de\/index.php\/jahrgangsabfuellungen\/\" class=\"more-link\"><span class=\"screen-reader-text\">\u201eJahrgangsabf\u00fcllungen\u201c <\/span>weiterlesen<\/a><\/p>\n","protected":false},"author":3,"featured_media":0,"parent":0,"menu_order":0,"comment_status":"closed","ping_status":"closed","template":"","meta":{"footnotes":""},"class_list":["post-196","page","type-page","status-publish","hentry"],"aioseo_notices":[],"_links":{"self":[{"href":"https:\/\/brandy.de\/index.php\/wp-json\/wp\/v2\/pages\/196","targetHints":{"allow":["GET"]}}],"collection":[{"href":"https:\/\/brandy.de\/index.php\/wp-json\/wp\/v2\/pages"}],"about":[{"href":"https:\/\/brandy.de\/index.php\/wp-json\/wp\/v2\/types\/page"}],"author":[{"embeddable":true,"href":"https:\/\/brandy.de\/index.php\/wp-json\/wp\/v2\/users\/3"}],"replies":[{"embeddable":true,"href":"https:\/\/brandy.de\/index.php\/wp-json\/wp\/v2\/comments?post=196"}],"version-history":[{"count":7,"href":"https:\/\/brandy.de\/index.php\/wp-json\/wp\/v2\/pages\/196\/revisions"}],"predecessor-version":[{"id":274,"href":"https:\/\/brandy.de\/index.php\/wp-json\/wp\/v2\/pages\/196\/revisions\/274"}],"wp:attachment":[{"href":"https:\/\/brandy.de\/index.php\/wp-json\/wp\/v2\/media?parent=196"}],"curies":[{"name":"wp","href":"https:\/\/api.w.org\/{rel}","templated":true}]}}