{"id":26,"date":"2020-10-08T12:47:28","date_gmt":"2020-10-08T12:47:28","guid":{"rendered":"https:\/\/schlossbrennerei.de\/?page_id=26"},"modified":"2021-02-08T14:44:09","modified_gmt":"2021-02-08T14:44:09","slug":"home","status":"publish","type":"page","link":"https:\/\/brandy.de\/","title":{"rendered":"Home"},"content":{"rendered":"\n<div class=\"wp-block-columns is-layout-flex wp-container-core-columns-is-layout-9d6595d7 wp-block-columns-is-layout-flex\">\n<div class=\"wp-block-column is-layout-flow wp-block-column-is-layout-flow\">\n<p><\/p>\n\n\n\n<figure class=\"wp-block-image size-full is-resized\"><img loading=\"lazy\" decoding=\"async\" src=\"https:\/\/brandy.de\/wp-content\/uploads\/2020\/10\/Startseite-1.jpg\" alt=\"\" class=\"wp-image-177\" width=\"739\" height=\"174\" srcset=\"https:\/\/brandy.de\/wp-content\/uploads\/2020\/10\/Startseite-1.jpg 985w, https:\/\/brandy.de\/wp-content\/uploads\/2020\/10\/Startseite-1-300x71.jpg 300w, https:\/\/brandy.de\/wp-content\/uploads\/2020\/10\/Startseite-1-768x181.jpg 768w\" sizes=\"auto, (max-width: 739px) 100vw, 739px\" \/><\/figure>\n\n\n\n<p>\u201eGenuss in seiner sch\u00f6nsten Form!\u201c Unter diesem Motto pr\u00e4sentieren wir Ihnen auf unseren Seiten Spitzenprodukte aus den Bereichen Sherry, Brandy und Cigarren.<\/p>\n\n\n\n<p>Eine ganze Reihe unserer angebotenen Produkte finden Sie nur bei uns!<\/p>\n\n\n\n<p>Im Mittelpunkt stehen bei uns die kleinen aber feinen, meist noch familiengef\u00fchrten Unternehmen.<\/p>\n\n\n\n<p>Wir sind immer auf der Suche nach Betrieben, in denen noch Handwerkskunst und Qualit\u00e4t im Mittelpunkt stehen. Und die noch kleine Mengen produzieren und keine Massenware. Deshalb sind Schn\u00e4ppchenj\u00e4ger hier&nbsp;an der falschen Adresse. F\u00fcr ein gutes Produkt muss man nun einmal einen guten Preis bezahlen.<br>Auf Grund der jeweils begrenzten Menge kann es naturgem\u00e4\u00df auch einmal passieren, dass bestimmte Artikel kurzfristig nicht lieferbar sind.<\/p>\n\n\n\n<figure class=\"wp-block-image size-large is-style-rounded\"><img loading=\"lazy\" decoding=\"async\" width=\"655\" height=\"390\" src=\"https:\/\/brandy.de\/wp-content\/uploads\/2020\/10\/News.jpg\" alt=\"\" class=\"wp-image-20\" srcset=\"https:\/\/brandy.de\/wp-content\/uploads\/2020\/10\/News.jpg 655w, https:\/\/brandy.de\/wp-content\/uploads\/2020\/10\/News-300x179.jpg 300w\" sizes=\"auto, (max-width: 655px) 100vw, 655px\" \/><\/figure>\n\n\n\n<p>Daf\u00fcr f\u00fchren wir viele Artikel die Sie nicht Supermarkt an der Ecke finden. Denn die meisten unserer Partner sind viel zu klein um bei den gro\u00dfen \u201eHandelsfirmen\u201c gelistet\u201c zu werden. Nichtsdestotrotz gibt es immer mal wieder Gelegenheiten, g\u00fcnstig an erstklassige Ware zu kommen. Diesen Vorteil werden wir dann an Sie weitergeben.<\/p>\n\n\n\n<p><strong>Jahrgangsbr\u00e4nde<\/strong> \u2013 Sie suchen einen bestimmten Jahrgang als besonderes Geschenk? Geben sie uns kurz Bescheid. Innerhalb k\u00fcrzester Zeit machen wir ihnen ein Angebot. Wir haben Zugriff auf Br\u00e4nde bis zur\u00fcck zum Ende des 19. Jahrhunderts.<\/p>\n<\/div>\n<\/div>\n\n\n\n<div class=\"wp-block-columns is-layout-flex wp-container-core-columns-is-layout-9d6595d7 wp-block-columns-is-layout-flex\">\n<div class=\"wp-block-column is-layout-flow wp-block-column-is-layout-flow\"><\/div>\n<\/div>\n","protected":false},"excerpt":{"rendered":"<p>\u201eGenuss in seiner sch\u00f6nsten Form!\u201c Unter diesem Motto pr\u00e4sentieren wir Ihnen auf unseren Seiten Spitzenprodukte aus den Bereichen Sherry, Brandy und Cigarren. Eine ganze Reihe unserer angebotenen Produkte finden Sie nur bei uns! Im Mittelpunkt stehen bei uns die kleinen aber feinen, meist noch familiengef\u00fchrten Unternehmen. Wir sind immer auf der Suche nach Betrieben, in &hellip; <\/p>\n<p class=\"link-more\"><a href=\"https:\/\/brandy.de\/\" class=\"more-link\"><span class=\"screen-reader-text\">\u201eHome\u201c <\/span>weiterlesen<\/a><\/p>\n","protected":false},"author":3,"featured_media":0,"parent":0,"menu_order":0,"comment_status":"closed","ping_status":"closed","template":"","meta":{"footnotes":""},"class_list":["post-26","page","type-page","status-publish","hentry"],"aioseo_notices":[],"_links":{"self":[{"href":"https:\/\/brandy.de\/index.php\/wp-json\/wp\/v2\/pages\/26","targetHints":{"allow":["GET"]}}],"collection":[{"href":"https:\/\/brandy.de\/index.php\/wp-json\/wp\/v2\/pages"}],"about":[{"href":"https:\/\/brandy.de\/index.php\/wp-json\/wp\/v2\/types\/page"}],"author":[{"embeddable":true,"href":"https:\/\/brandy.de\/index.php\/wp-json\/wp\/v2\/users\/3"}],"replies":[{"embeddable":true,"href":"https:\/\/brandy.de\/index.php\/wp-json\/wp\/v2\/comments?post=26"}],"version-history":[{"count":11,"href":"https:\/\/brandy.de\/index.php\/wp-json\/wp\/v2\/pages\/26\/revisions"}],"predecessor-version":[{"id":313,"href":"https:\/\/brandy.de\/index.php\/wp-json\/wp\/v2\/pages\/26\/revisions\/313"}],"wp:attachment":[{"href":"https:\/\/brandy.de\/index.php\/wp-json\/wp\/v2\/media?parent=26"}],"curies":[{"name":"wp","href":"https:\/\/api.w.org\/{rel}","templated":true}]}}