{"id":62,"date":"2020-10-22T09:43:35","date_gmt":"2020-10-22T09:43:35","guid":{"rendered":"https:\/\/schlossbrennerei.de\/?page_id=62"},"modified":"2024-08-02T14:32:45","modified_gmt":"2024-08-02T14:32:45","slug":"fachgeschaeft","status":"publish","type":"page","link":"https:\/\/brandy.de\/index.php\/fachgeschaeft\/","title":{"rendered":"Fachgesch\u00e4ft"},"content":{"rendered":"\n<p>Im Mai 2012 haben wir unser Fachgesch\u00e4ft f\u00fcr Cigarren, Pfeifen und feine Destillate in Weimar er\u00f6ffnet. In der historischen Altstadt, vis a vis der Sparkasse, entstand eine kleine aber feine Oase f\u00fcr den Genie\u00dfer.<\/p>\n\n\n\n<p>Der Cigarrenfreund findet in unserem gro\u00dfen, begehbaren Humidor edle Longfiller aus der ganzen Welt. Als <strong>&#8222;Davidoff-Fachhandels- Depotsit\u00e4r&#8220;<\/strong> und als <strong>&#8222;Habanos Specialist&#8220;<\/strong> liegt der Schwerpunkt dabei auf Produkten aus Cuba und aus der <em><strong>Davidoff<\/strong><\/em>-Markenfamilie. Von der Marke <em><strong>Davidoff<\/strong><\/em> haben wir stets alle Formate vorr\u00e4tig. Daneben nat\u00fcrlich auch Produkte der Marken <em><strong>Griffins<\/strong>, <strong>Camacho<\/strong>, <strong>Zino<\/strong>, <strong>Winston Churchill<\/strong><\/em> und viele mehr.<\/p>\n\n\n\n<p>Wir freuen uns, da\u00df der offizielle Habanos-Importeur <em>&#8222;5 th Avenue&#8220;<\/em> unser Engagement in Sachen cubanische Cigarren mit der Verleihung des Titels <strong>&#8222;Habanos Specialist&#8220;<\/strong> gew\u00fcrdigt hat.<\/p>\n\n\n\n<p>So finden Sie bei uns eine gro\u00dfe Auswahl der braunen Sch\u00f6nheiten aus Cuba, unter anderem Cigarren der Marken <strong><em>Cohiba, Montecristo, H. Upmann, Trinidad, Romeo y Julieta, Bolivar,<\/em> <em>Ramon Allones<\/em> und <em>Punch<\/em><\/strong>.<\/p>\n\n\n\n<p>Daneben f\u00fchren wir noch eine gro\u00dfe Auswahl anderer Marken aus der Dom. Republik, Honduras, Nicaragua u.a., wie zum Beispiel <strong><em>Perdomo, Flor de Selva, Flor de Copan<\/em>, <em>Casa de<\/em><\/strong><em> <strong>Torres, Don Stefano<\/strong><\/em> und viele andere mehr.<\/p>\n\n\n\n<p>Eine Auswahl an Pfeifen, Pfeifentabaken und Accessories rundet unser Sortiment f\u00fcr den Genu\u00dfraucher ab.<\/p>\n\n\n\n<p>Unser zweites Standbein sind die <strong>&#8222;Feinen Destillate&#8220;<\/strong>. Die gr\u00f6\u00dfte Auswahl haben Sie hier bei <em>Single Malt Scotch Whisky<\/em>. Hier haben wir st\u00e4ndig bis zu 250 verschiedene Whiskies vorr\u00e4tig. Ganz egal ob ein Islay Whisky wie <strong>Ardbeg<\/strong>, <strong>Bowmore<\/strong>, <strong>Lagavulin<\/strong> oder eher Vertreter der Highlands, der Lowlands oder des Speyside Gebietes; hier werden Sie f\u00fcndig. <\/p>\n\n\n\n<p>Ein weiterer Schwerpunkt liegt auf den Produkten der Weimarer Produzenten, der <strong>Wiegand Manufactur<\/strong> Weimar und der <strong>feingeist Manufaktur<\/strong>. Deren Produkte, u.a. der<em> <strong>Lyonel<\/strong> <strong>Gin<\/strong><\/em> oder der fa\u00dfgelagerte Birnenbrand finden sich bei uns vollz\u00e4hlig. Aber auch Bestellungen k\u00f6nnen bei uns get\u00e4tigt werden. Diese sind in der Regel innerhalb von 3-4 Tagen im Haus. Daneben finden Sie in unserem Fachgesch\u00e4ft eine Auswahl weiterer Destillate wie <em>Cognac (Eigenimport der Marken <strong>Paul Giraud<\/strong>, <strong>Jean Fillioux<\/strong> und <strong>Dartigalongue<\/strong>) , Rum, Grappa, Edelobstbrand, Gin<\/em> und andere Spezialit\u00e4ten wie zum Beispiel <em>Sherry<\/em> und <em>Absinth<\/em>.<\/p>\n\n\n\n<p>Wir bedienen Sie gern Die-Fr von 11-18.00 Uhr und Sa von 10-14 Uhr.<\/p>\n\n\n\n<figure class=\"wp-block-image size-large\"><img loading=\"lazy\" decoding=\"async\" width=\"655\" height=\"390\" src=\"https:\/\/brandy.de\/wp-content\/uploads\/2020\/10\/Fachgeschaeft.jpg\" alt=\"\" class=\"wp-image-69\" srcset=\"https:\/\/brandy.de\/wp-content\/uploads\/2020\/10\/Fachgeschaeft.jpg 655w, https:\/\/brandy.de\/wp-content\/uploads\/2020\/10\/Fachgeschaeft-300x179.jpg 300w\" sizes=\"auto, (max-width: 655px) 100vw, 655px\" \/><\/figure>\n","protected":false},"excerpt":{"rendered":"<p>Im Mai 2012 haben wir unser Fachgesch\u00e4ft f\u00fcr Cigarren, Pfeifen und feine Destillate in Weimar er\u00f6ffnet. In der historischen Altstadt, vis a vis der Sparkasse, entstand eine kleine aber feine Oase f\u00fcr den Genie\u00dfer. Der Cigarrenfreund findet in unserem gro\u00dfen, begehbaren Humidor edle Longfiller aus der ganzen Welt. Als &#8222;Davidoff-Fachhandels- Depotsit\u00e4r&#8220; und als &#8222;Habanos Specialist&#8220; &hellip; <\/p>\n<p class=\"link-more\"><a href=\"https:\/\/brandy.de\/index.php\/fachgeschaeft\/\" class=\"more-link\"><span class=\"screen-reader-text\">\u201eFachgesch\u00e4ft\u201c <\/span>weiterlesen<\/a><\/p>\n","protected":false},"author":3,"featured_media":0,"parent":0,"menu_order":0,"comment_status":"closed","ping_status":"closed","template":"","meta":{"footnotes":""},"class_list":["post-62","page","type-page","status-publish","hentry"],"aioseo_notices":[],"_links":{"self":[{"href":"https:\/\/brandy.de\/index.php\/wp-json\/wp\/v2\/pages\/62","targetHints":{"allow":["GET"]}}],"collection":[{"href":"https:\/\/brandy.de\/index.php\/wp-json\/wp\/v2\/pages"}],"about":[{"href":"https:\/\/brandy.de\/index.php\/wp-json\/wp\/v2\/types\/page"}],"author":[{"embeddable":true,"href":"https:\/\/brandy.de\/index.php\/wp-json\/wp\/v2\/users\/3"}],"replies":[{"embeddable":true,"href":"https:\/\/brandy.de\/index.php\/wp-json\/wp\/v2\/comments?post=62"}],"version-history":[{"count":6,"href":"https:\/\/brandy.de\/index.php\/wp-json\/wp\/v2\/pages\/62\/revisions"}],"predecessor-version":[{"id":451,"href":"https:\/\/brandy.de\/index.php\/wp-json\/wp\/v2\/pages\/62\/revisions\/451"}],"wp:attachment":[{"href":"https:\/\/brandy.de\/index.php\/wp-json\/wp\/v2\/media?parent=62"}],"curies":[{"name":"wp","href":"https:\/\/api.w.org\/{rel}","templated":true}]}}